{"id":1,"date":"2025-12-31T13:39:45","date_gmt":"2025-12-31T13:39:45","guid":{"rendered":"http:\/\/museumcafe-ieper.be\/?page_id=1"},"modified":"2026-04-09T14:44:43","modified_gmt":"2026-04-09T12:44:43","slug":"home","status":"publish","type":"page","link":"https:\/\/museumcafe-ieper.be\/en\/","title":{"rendered":"Home"},"content":{"rendered":"<p class=\"wp-block-paragraph\">Welcome to <strong>Museumcaf\u00e9 Ypres<\/strong>, the cafe in the heart of the <strong>Cloth Hall of Ypres<\/strong> where culture, history and conviviality come together. Our museum caf\u00e9 is the ideal place for a <strong>drink or snack after visiting the In Flanders Fields Museum or the Ypres Museum<\/strong>. At the same time, the caf\u00e9 is a regular and pleasant meeting place for <strong>locals een uitvalsbasis<\/strong> , where they can get together or enjoy <strong>a moment to themselves: right in the centre of town, yet away from the hustle and bustle.<\/strong>Enjoy <strong>coffee, local beers, lunch or a relaxing aperitif<\/strong> in an <strong>authentic and historic setting<\/strong> that reflects the unique atmosphere of the Cloth Hall. <strong>Museumcaf\u00e9 Ypres<\/strong> is such an obvious meeting place for museum visitors, tourists and residents who are looking for <strong>quality, tranquillity and experience in the centre of Ypres<\/strong>.<\/p>","protected":false},"excerpt":{"rendered":"<p>Welkom in Museumcaf\u00e9 Ieper, h\u00e9t caf\u00e9 in het hart van de Lakenhalle van Ieper waar cultuur, geschiedenis en gezelligheid samenkomen. Ons museumcaf\u00e9 is de ideale plek voor een drankje of hapje na een bezoek aan het In Flanders Fields Museum of het Yper Museum. Tegelijk vormt het caf\u00e9 voor locals een uitvalsbasis om af te [&hellip;]<\/p>","protected":false},"author":143175179,"featured_media":22,"parent":0,"menu_order":0,"comment_status":"closed","ping_status":"open","template":"","meta":{"_crdt_document":"{\"document\":\"AAAFwoSwYREPCAqsHgECDAIBAgoCQgBKAB8oAycABAAnAAQAJwAoBCcAKAQnAAcAKAMnAQQAKAEnwxKTEnN0YXRldmVyc2lvbmRvY3VtZW50ZGF0ZWRvY3VtZW50c2x1Z2RvY3VtZW50c3RhdHVzZG9jdW1lbnR0aXRsZUhvbWVkb2N1bWVudGNvbnRlbnQ8IS0tIHdwOnBhcmFncmFwaCAtLT4KPHA+V2Vsa29tIGluIDxzdHJvbmc+TXVzZXVtY2Fmw6kgSWVwZXI8L3N0cm9uZz4sIGjDqXQgY2Fmw6kgaW4gaGV0IGhhcnQgdmFuIGRlIDxzdHJvbmc+TGFrZW5oYWxsZSB2YW4gSWVwZXI8L3N0cm9uZz4gd2FhciBjdWx0dXVyLCBnZXNjaGllZGVuaXMgZW4gZ2V6ZWxsaWdoZWlkIHNhbWVua29tZW4uIE9ucyBtdXNldW1jYWbDqSBpcyBkZSBpZGVhbGUgcGxlayB2b29yIGVlbiA8c3Ryb25nPmRyYW5ramUgb2YgaGFwamUgbmEgZWVuIGJlem9layBhYW4gaGV0IEluIEZsYW5kZXJzIEZpZWxkcyBNdXNldW0gb2YgaGV0IFlwZXIgTXVzZXVtPC9zdHJvbmc+LiBUZWdlbGlqayB2b3JtdCBoZXQgY2Fmw6kgdm9vciA8c3Ryb25nPmxvY2FscyBlZW4gdWl0dmFsc2Jhc2lzPC9zdHJvbmc+IG9tIGFmIHRlIHNwcmVrZW4gb2YgdGUgZ2VuaWV0ZW4gdmFuIGVlbiA8c3Ryb25nPm1vbWVudGplIHZvb3IgemljaHplbGY6IG1pZGRlbiBpbiBkZSBzdGFkLCBtYWFyIHRvY2ggZXZlbiB3ZWcgdmFuIGRlIGRydWt0ZTwvc3Ryb25nPi4gR2VuaWV0IHZhbiA8c3Ryb25nPmtvZmZpZSwgc3RyZWVrYmllcmVuLCBsdW5jaCBvZiBlZW4gb250c3Bhbm5lbmQgYXBlcml0aWVmPC9zdHJvbmc+IGluIGVlbiA8c3Ryb25nPmF1dGhlbnRpZWtlIGVuIGhpc3RvcmlzY2hlIHNldHRpbmc8L3N0cm9uZz4gZGllIGRlIHVuaWVrZSBzZmVlciB2YW4gZGUgTGFrZW5oYWxsZSB3ZWVyc3BpZWdlbHQuIDxzdHJvbmc+TXVzZXVtY2Fmw6kgSWVwZXI8L3N0cm9uZz4gaXMgem8gZWVuIHZhbnplbGZzcHJla2VuZGUgb250bW9ldGluZ3NwbGVrIHZvb3IgbXVzZXVtYmV6b2VrZXJzLCB0b2VyaXN0ZW4gw6luIGlud29uZXJzIGRpZSBvcCB6b2VrIHppam4gbmFhciA8c3Ryb25nPmt3YWxpdGVpdCwgcnVzdCBlbiBiZWxldmluZyBpbiBoZXQgY2VudHJ1bSB2YW4gSWVwZXI8L3N0cm9uZz4uPC9wPgo8IS0tIC93cDpwYXJhZ3JhcGggLS0+ZG9jdW1lbnRleGNlcnB0ZG9jdW1lbnRhdXRob3Jkb2N1bWVudGZlYXR1cmVkX21lZGlhZG9jdW1lbnRjb21tZW50X3N0YXR1c2RvY3VtZW50cGluZ19zdGF0dXNkb2N1bWVudHRlbXBsYXRlZG9jdW1lbnRtZXRhYWR2YW5jZWRfc2VvX2Rlc2NyaXB0aW9uamV0cGFja19zZW9faHRtbF90aXRsZWpldHBhY2tfc2VvX25vaW5kZXhqZXRwYWNrX3Bvc3Rfd2FzX2V2ZXJfcHVibGlzaGVkZm9vdG5vdGVzZG9jdW1lbnRibG9ja3NjbGllbnRJZGlzVmFsaWRvcmlnaW5hbENvbnRlbnRuYW1lYXR0cmlidXRlc2NvbnRlbnRXZWxrb20gaW4gPHN0cm9uZz5NdXNldW1jYWbDqSBJZXBlcjwvc3Ryb25nPiwgaMOpdCBjYWbDqSBpbiBoZXQgaGFydCB2YW4gZGUgPHN0cm9uZz5MYWtlbmhhbGxlIHZhbiBJZXBlcjwvc3Ryb25nPiB3YWFyIGN1bHR1dXIsIGdlc2NoaWVkZW5pcyBlbiBnZXplbGxpZ2hlaWQgc2FtZW5rb21lbi4gT25zIG11c2V1bWNhZsOpIGlzIGRlIGlkZWFsZSBwbGVrIHZvb3IgZWVuIDxzdHJvbmc+ZHJhbmtqZSBvZiBoYXBqZSBuYSBlZW4gYmV6b2VrIGFhbiBoZXQgSW4gRmxhbmRlcnMgRmllbGRzIE11c2V1bSBvZiBoZXQgWXBlciBNdXNldW08L3N0cm9uZz4uIFRlZ2VsaWprIHZvcm10IGhldCBjYWbDqSB2b29yIDxzdHJvbmc+bG9jYWxzIGVlbiB1aXR2YWxzYmFzaXM8L3N0cm9uZz4gb20gYWYgdGUgc3ByZWtlbiBvZiB0ZSBnZW5pZXRlbiB2YW4gZWVuIDxzdHJvbmc+bW9tZW50amUgdm9vciB6aWNoemVsZjogbWlkZGVuIGluIGRlIHN0YWQsIG1hYXIgdG9jaCBldmVuIHdlZyB2YW4gZGUgZHJ1a3RlPC9zdHJvbmc+LiBHZW5pZXQgdmFuIDxzdHJvbmc+a29mZmllLCBzdHJlZWtiaWVyZW4sIGx1bmNoIG9mIGVlbiBvbnRzcGFubmVuZCBhcGVyaXRpZWY8L3N0cm9uZz4gaW4gZWVuIDxzdHJvbmc+YXV0aGVudGlla2UgZW4gaGlzdG9yaXNjaGUgc2V0dGluZzwvc3Ryb25nPiBkaWUgZGUgdW5pZWtlIHNmZWVyIHZhbiBkZSBMYWtlbmhhbGxlIHdlZXJzcGllZ2VsdC4gPHN0cm9uZz5NdXNldW1jYWbDqSBJZXBlcjwvc3Ryb25nPiBpcyB6byBlZW4gdmFuemVsZnNwcmVrZW5kZSBvbnRtb2V0aW5nc3BsZWsgdm9vciBtdXNldW1iZXpvZWtlcnMsIHRvZXJpc3RlbiDDqW4gaW53b25lcnMgZGllIG9wIHpvZWsgemlqbiBuYWFyIDxzdHJvbmc+a3dhbGl0ZWl0LCBydXN0IGVuIGJlbGV2aW5nIGluIGhldCBjZW50cnVtIHZhbiBJZXBlcjwvc3Ryb25nPi5kcm9wQ2FwVHJwQ29udGVudFJlc3RyaWN0aW9uaW5uZXJCbG9ja3MFBwgECAQIBggFBAgHjw8IBwgGCA4IDggLSAEEGBYTHwkIBggHDwQKB5sOBxULDwEEAAABAAAAAQYABAEAAAhCAQEAQQACAAJBEgEgAH0BdxMyMDI1LTEyLTMxVDEzOjM5OjQ1dwRob21ldwdwdWJsaXNofYu4xYgBfRZ3BmNsb3NlZHcEb3BlbncAdwB3AHl5dwB3JDEzMjc3MmYzLTdhMTEtNDU3OC1hZjJiLWQ5YjM1MDBlNjUzZHh3qQc8cD5XZWxrb20gaW4gPHN0cm9uZz5NdXNldW1jYWbDqSBJZXBlcjwvc3Ryb25nPiwgaMOpdCBjYWbDqSBpbiBoZXQgaGFydCB2YW4gZGUgPHN0cm9uZz5MYWtlbmhhbGxlIHZhbiBJZXBlcjwvc3Ryb25nPiB3YWFyIGN1bHR1dXIsIGdlc2NoaWVkZW5pcyBlbiBnZXplbGxpZ2hlaWQgc2FtZW5rb21lbi4gT25zIG11c2V1bWNhZsOpIGlzIGRlIGlkZWFsZSBwbGVrIHZvb3IgZWVuIDxzdHJvbmc+ZHJhbmtqZSBvZiBoYXBqZSBuYSBlZW4gYmV6b2VrIGFhbiBoZXQgSW4gRmxhbmRlcnMgRmllbGRzIE11c2V1bSBvZiBoZXQgWXBlciBNdXNldW08L3N0cm9uZz4uIFRlZ2VsaWprIHZvcm10IGhldCBjYWbDqSB2b29yIDxzdHJvbmc+bG9jYWxzIGVlbiB1aXR2YWxzYmFzaXM8L3N0cm9uZz4gb20gYWYgdGUgc3ByZWtlbiBvZiB0ZSBnZW5pZXRlbiB2YW4gZWVuIDxzdHJvbmc+bW9tZW50amUgdm9vciB6aWNoemVsZjogbWlkZGVuIGluIGRlIHN0YWQsIG1hYXIgdG9jaCBldmVuIHdlZyB2YW4gZGUgZHJ1a3RlPC9zdHJvbmc+LiBHZW5pZXQgdmFuIDxzdHJvbmc+a29mZmllLCBzdHJlZWtiaWVyZW4sIGx1bmNoIG9mIGVlbiBvbnRzcGFubmVuZCBhcGVyaXRpZWY8L3N0cm9uZz4gaW4gZWVuIDxzdHJvbmc+YXV0aGVudGlla2UgZW4gaGlzdG9yaXNjaGUgc2V0dGluZzwvc3Ryb25nPiBkaWUgZGUgdW5pZWtlIHNmZWVyIHZhbiBkZSBMYWtlbmhhbGxlIHdlZXJzcGllZ2VsdC4gPHN0cm9uZz5NdXNldW1jYWbDqSBJZXBlcjwvc3Ryb25nPiBpcyB6byBlZW4gdmFuemVsZnNwcmVrZW5kZSBvbnRtb2V0aW5nc3BsZWsgdm9vciBtdXNldW1iZXpvZWtlcnMsIHRvZXJpc3RlbiDDqW4gaW53b25lcnMgZGllIG9wIHpvZWsgemlqbiBuYWFyIDxzdHJvbmc+a3dhbGl0ZWl0LCBydXN0IGVuIGJlbGV2aW5nIGluIGhldCBjZW50cnVtIHZhbiBJZXBlcjwvc3Ryb25nPi48L3A+dw5jb3JlL3BhcmFncmFwaHl2AxByZXN0cmljdGlvbl90eXBldwdleGNsdWRlEnNlbGVjdGVkX2xhbmd1YWdlc3UACnBhbmVsX29wZW54AA==\",\"updateId\":216439216}","advanced_seo_description":"","jetpack_seo_html_title":"","jetpack_seo_noindex":false,"jetpack_post_was_ever_published":false,"footnotes":""},"class_list":["post-1","page","type-page","status-publish","has-post-thumbnail","hentry"],"jetpack_likes_enabled":true,"jetpack_sharing_enabled":true,"jetpack_shortlink":"https:\/\/wp.me\/Ph0HZl-1","jetpack-related-posts":[],"_links":{"self":[{"href":"https:\/\/museumcafe-ieper.be\/en\/wp-json\/wp\/v2\/pages\/1","targetHints":{"allow":["GET"]}}],"collection":[{"href":"https:\/\/museumcafe-ieper.be\/en\/wp-json\/wp\/v2\/pages"}],"about":[{"href":"https:\/\/museumcafe-ieper.be\/en\/wp-json\/wp\/v2\/types\/page"}],"author":[{"embeddable":true,"href":"https:\/\/museumcafe-ieper.be\/en\/wp-json\/wp\/v2\/users\/143175179"}],"replies":[{"embeddable":true,"href":"https:\/\/museumcafe-ieper.be\/en\/wp-json\/wp\/v2\/comments?post=1"}],"version-history":[{"count":4,"href":"https:\/\/museumcafe-ieper.be\/en\/wp-json\/wp\/v2\/pages\/1\/revisions"}],"predecessor-version":[{"id":160,"href":"https:\/\/museumcafe-ieper.be\/en\/wp-json\/wp\/v2\/pages\/1\/revisions\/160"}],"wp:featuredmedia":[{"embeddable":true,"href":"https:\/\/museumcafe-ieper.be\/en\/wp-json\/wp\/v2\/media\/22"}],"wp:attachment":[{"href":"https:\/\/museumcafe-ieper.be\/en\/wp-json\/wp\/v2\/media?parent=1"}],"curies":[{"name":"wp","href":"https:\/\/api.w.org\/{rel}","templated":true}]}}